{"id":10045,"date":"2024-06-05T14:55:17","date_gmt":"2024-06-05T12:55:17","guid":{"rendered":"https:\/\/booking-dagiovanni.digitalcards.cloud\/?page_id=10045"},"modified":"2024-06-12T20:16:33","modified_gmt":"2024-06-12T18:16:33","slug":"bestaetigungsseite","status":"publish","type":"page","link":"https:\/\/booking-dagiovanni.digitalcards.cloud\/en\/bestaetigungsseite\/","title":{"rendered":"Best\u00e4tigungsseite"},"content":{"rendered":"<div data-elementor-type=\"wp-page\" data-elementor-id=\"10045\" class=\"elementor elementor-10045\" data-elementor-post-type=\"page\">\n\t\t\t\t<div class=\"elementor-element elementor-element-5328d07 e-flex e-con-boxed e-con e-parent\" data-id=\"5328d07\" data-element_type=\"container\" data-e-type=\"container\">\n\t\t\t\t\t<div class=\"e-con-inner\">\n\t\t\t\t<div class=\"elementor-element elementor-element-4ce4a81 elementor-widget elementor-widget-theme-site-logo elementor-widget-image\" data-id=\"4ce4a81\" data-element_type=\"widget\" data-e-type=\"widget\" data-widget_type=\"theme-site-logo.default\">\n\t\t\t\t<div class=\"elementor-widget-container\">\n\t\t\t\t\t\t\t\t\t\t\t<a href=\"https:\/\/booking-dagiovanni.digitalcards.cloud\/en\">\n\t\t\t<img fetchpriority=\"high\" decoding=\"async\" width=\"2000\" height=\"970\" src=\"https:\/\/booking-dagiovanni.digitalcards.cloud\/wp-content\/uploads\/2024\/06\/Logo-Trattoria-da-Giovanni-.png\" class=\"attachment-full size-full wp-image-10138\" alt=\"\" srcset=\"https:\/\/booking-dagiovanni.digitalcards.cloud\/wp-content\/uploads\/2024\/06\/Logo-Trattoria-da-Giovanni-.png 2000w, https:\/\/booking-dagiovanni.digitalcards.cloud\/wp-content\/uploads\/2024\/06\/Logo-Trattoria-da-Giovanni--300x146.png 300w, https:\/\/booking-dagiovanni.digitalcards.cloud\/wp-content\/uploads\/2024\/06\/Logo-Trattoria-da-Giovanni--1024x497.png 1024w, https:\/\/booking-dagiovanni.digitalcards.cloud\/wp-content\/uploads\/2024\/06\/Logo-Trattoria-da-Giovanni--768x372.png 768w, https:\/\/booking-dagiovanni.digitalcards.cloud\/wp-content\/uploads\/2024\/06\/Logo-Trattoria-da-Giovanni--1536x745.png 1536w, https:\/\/booking-dagiovanni.digitalcards.cloud\/wp-content\/uploads\/2024\/06\/Logo-Trattoria-da-Giovanni--18x9.png 18w, https:\/\/booking-dagiovanni.digitalcards.cloud\/wp-content\/uploads\/2024\/06\/Logo-Trattoria-da-Giovanni--1320x640.png 1320w\" sizes=\"(max-width: 2000px) 100vw, 2000px\" \/>\t\t\t\t<\/a>\n\t\t\t\t\t\t\t\t\t\t\t<\/div>\n\t\t\t\t<\/div>\n\t\t\t\t<div class=\"elementor-element elementor-element-1976de4 elementor-widget elementor-widget-text-editor\" data-id=\"1976de4\" data-element_type=\"widget\" data-e-type=\"widget\" data-widget_type=\"text-editor.default\">\n\t\t\t\t<div class=\"elementor-widget-container\">\n\t\t\t\t\t\t\t\t\tVielen Dank f\u00fcr deine Best\u00e4tigung!\n\nDu bist nun offiziell f\u00fcr unseren\u00a0<strong>Trattoria Da Giovanni<\/strong>\u00a0Newsletter angemeldet.\nAb sofort erh\u00e4ltst du regelm\u00e4\u00dfig spannende Neuigkeiten, exklusive Angebote und interessante Inhalte rund um unsere Trattoria.\n\nFalls du dich sp\u00e4ter abmelden m\u00f6chtest, findest du in jedem Newsletter einen Abmeldelink. Wir freuen uns, dich als Teil unserer Community begr\u00fc\u00dfen zu d\u00fcrfen!\t\t\t\t\t\t\t\t<\/div>\n\t\t\t\t<\/div>\n\t\t\t\t\t<\/div>\n\t\t\t\t<\/div>\n\t\t<div class=\"elementor-element elementor-element-68c68ad2 e-con-full e-flex e-con e-parent\" data-id=\"68c68ad2\" data-element_type=\"container\" data-e-type=\"container\" id=\"footer\">\n\t\t<div class=\"elementor-element elementor-element-7dc69344 e-grid e-con-boxed e-con e-child\" data-id=\"7dc69344\" data-element_type=\"container\" data-e-type=\"container\" data-settings=\"{&quot;background_background&quot;:&quot;classic&quot;}\">\n\t\t\t\t\t<div class=\"e-con-inner\">\n\t\t<div class=\"elementor-element elementor-element-2949b7a2 e-grid e-con-full e-con e-child\" data-id=\"2949b7a2\" data-element_type=\"container\" data-e-type=\"container\">\n\t\t\t\t<div class=\"elementor-element elementor-element-43cd7033 elementor-widget elementor-widget-image\" data-id=\"43cd7033\" data-element_type=\"widget\" data-e-type=\"widget\" data-widget_type=\"image.default\">\n\t\t\t\t<div class=\"elementor-widget-container\">\n\t\t\t\t\t\t\t\t\t\t\t\t\t\t\t\t<a href=\"https:\/\/booking-dagiovanni.digitalcards.cloud\/en\/\" target=\"_blank\">\n\t\t\t\t\t\t\t<img decoding=\"async\" width=\"1024\" height=\"1024\" src=\"https:\/\/booking-dagiovanni.digitalcards.cloud\/wp-content\/uploads\/2024\/06\/Symbole-1024x1024.png\" class=\"attachment-large size-large wp-image-9948\" alt=\"\" srcset=\"https:\/\/booking-dagiovanni.digitalcards.cloud\/wp-content\/uploads\/2024\/06\/Symbole-1024x1024.png 1024w, https:\/\/booking-dagiovanni.digitalcards.cloud\/wp-content\/uploads\/2024\/06\/Symbole-300x300.png 300w, https:\/\/booking-dagiovanni.digitalcards.cloud\/wp-content\/uploads\/2024\/06\/Symbole-150x150.png 150w, https:\/\/booking-dagiovanni.digitalcards.cloud\/wp-content\/uploads\/2024\/06\/Symbole-768x768.png 768w, https:\/\/booking-dagiovanni.digitalcards.cloud\/wp-content\/uploads\/2024\/06\/Symbole-12x12.png 12w, https:\/\/booking-dagiovanni.digitalcards.cloud\/wp-content\/uploads\/2024\/06\/Symbole-600x600.png 600w, https:\/\/booking-dagiovanni.digitalcards.cloud\/wp-content\/uploads\/2024\/06\/Symbole.png 1250w\" sizes=\"(max-width: 1024px) 100vw, 1024px\" \/>\t\t\t\t\t\t\t\t<\/a>\n\t\t\t\t\t\t\t\t\t\t\t\t\t\t\t<\/div>\n\t\t\t\t<\/div>\n\t\t\t\t<div class=\"elementor-element elementor-element-de60ad4 elementor-widget elementor-widget-image\" data-id=\"de60ad4\" data-element_type=\"widget\" data-e-type=\"widget\" data-widget_type=\"image.default\">\n\t\t\t\t<div class=\"elementor-widget-container\">\n\t\t\t\t\t\t\t\t\t\t\t\t\t\t\t\t<a href=\"https:\/\/digitalcards.cloud\/da-giovanni\" target=\"_blank\">\n\t\t\t\t\t\t\t<img decoding=\"async\" width=\"1024\" height=\"1024\" src=\"https:\/\/booking-dagiovanni.digitalcards.cloud\/wp-content\/uploads\/2024\/06\/DigitalCard-1-1024x1024.png\" class=\"attachment-large size-large wp-image-9949\" alt=\"\" srcset=\"https:\/\/booking-dagiovanni.digitalcards.cloud\/wp-content\/uploads\/2024\/06\/DigitalCard-1-1024x1024.png 1024w, https:\/\/booking-dagiovanni.digitalcards.cloud\/wp-content\/uploads\/2024\/06\/DigitalCard-1-300x300.png 300w, https:\/\/booking-dagiovanni.digitalcards.cloud\/wp-content\/uploads\/2024\/06\/DigitalCard-1-150x150.png 150w, https:\/\/booking-dagiovanni.digitalcards.cloud\/wp-content\/uploads\/2024\/06\/DigitalCard-1-768x768.png 768w, https:\/\/booking-dagiovanni.digitalcards.cloud\/wp-content\/uploads\/2024\/06\/DigitalCard-1-12x12.png 12w, https:\/\/booking-dagiovanni.digitalcards.cloud\/wp-content\/uploads\/2024\/06\/DigitalCard-1-600x600.png 600w, https:\/\/booking-dagiovanni.digitalcards.cloud\/wp-content\/uploads\/2024\/06\/DigitalCard-1.png 1250w\" sizes=\"(max-width: 1024px) 100vw, 1024px\" \/>\t\t\t\t\t\t\t\t<\/a>\n\t\t\t\t\t\t\t\t\t\t\t\t\t\t\t<\/div>\n\t\t\t\t<\/div>\n\t\t\t\t<div class=\"elementor-element elementor-element-31bd9b08 elementor-widget elementor-widget-image\" data-id=\"31bd9b08\" data-element_type=\"widget\" data-e-type=\"widget\" data-widget_type=\"image.default\">\n\t\t\t\t<div class=\"elementor-widget-container\">\n\t\t\t\t\t\t\t\t\t\t\t\t\t\t\t\t<a href=\"https:\/\/il-menu-online.de\/da-giovanni\" target=\"_blank\">\n\t\t\t\t\t\t\t<img loading=\"lazy\" decoding=\"async\" width=\"300\" height=\"300\" src=\"https:\/\/booking-dagiovanni.digitalcards.cloud\/wp-content\/uploads\/2024\/06\/Menue.png\" class=\"attachment-large size-large wp-image-9960\" alt=\"\" srcset=\"https:\/\/booking-dagiovanni.digitalcards.cloud\/wp-content\/uploads\/2024\/06\/Menue.png 300w, https:\/\/booking-dagiovanni.digitalcards.cloud\/wp-content\/uploads\/2024\/06\/Menue-150x150.png 150w, https:\/\/booking-dagiovanni.digitalcards.cloud\/wp-content\/uploads\/2024\/06\/Menue-12x12.png 12w\" sizes=\"(max-width: 300px) 100vw, 300px\" \/>\t\t\t\t\t\t\t\t<\/a>\n\t\t\t\t\t\t\t\t\t\t\t\t\t\t\t<\/div>\n\t\t\t\t<\/div>\n\t\t\t\t<div class=\"elementor-element elementor-element-3167f973 elementor-widget elementor-widget-image\" data-id=\"3167f973\" data-element_type=\"widget\" data-e-type=\"widget\" data-widget_type=\"image.default\">\n\t\t\t\t<div class=\"elementor-widget-container\">\n\t\t\t\t\t\t\t\t\t\t\t\t\t\t\t\t<a href=\"https:\/\/booking-dagiovanni.digitalcards.cloud\/en\/oeffnungszeiten\/\">\n\t\t\t\t\t\t\t<img loading=\"lazy\" decoding=\"async\" width=\"300\" height=\"300\" src=\"https:\/\/booking-dagiovanni.digitalcards.cloud\/wp-content\/uploads\/2024\/06\/Open.png\" class=\"attachment-large size-large wp-image-9994\" alt=\"\" srcset=\"https:\/\/booking-dagiovanni.digitalcards.cloud\/wp-content\/uploads\/2024\/06\/Open.png 300w, https:\/\/booking-dagiovanni.digitalcards.cloud\/wp-content\/uploads\/2024\/06\/Open-150x150.png 150w, https:\/\/booking-dagiovanni.digitalcards.cloud\/wp-content\/uploads\/2024\/06\/Open-12x12.png 12w\" sizes=\"(max-width: 300px) 100vw, 300px\" \/>\t\t\t\t\t\t\t\t<\/a>\n\t\t\t\t\t\t\t\t\t\t\t\t\t\t\t<\/div>\n\t\t\t\t<\/div>\n\t\t\t\t<\/div>\n\t\t\t\t\t<\/div>\n\t\t\t\t<\/div>\n\t\t\t\t<\/div>\n\t\t\t\t<\/div>","protected":false},"excerpt":{"rendered":"<p>Vielen Dank f\u00fcr deine Best\u00e4tigung! Du bist nun offiziell f\u00fcr unseren\u00a0Trattoria Da Giovanni\u00a0Newsletter angemeldet. Ab sofort erh\u00e4ltst du regelm\u00e4\u00dfig spannende Neuigkeiten, exklusive Angebote und interessante Inhalte rund um unsere Trattoria. Falls du dich sp\u00e4ter abmelden m\u00f6chtest, findest du in jedem Newsletter einen Abmeldelink. Wir freuen uns, dich als Teil unserer Community begr\u00fc\u00dfen zu d\u00fcrfen!<\/p>","protected":false},"author":1,"featured_media":0,"parent":0,"menu_order":0,"comment_status":"closed","ping_status":"closed","template":"elementor_canvas","meta":{"ocean_post_layout":"","ocean_both_sidebars_style":"","ocean_both_sidebars_content_width":0,"ocean_both_sidebars_sidebars_width":0,"ocean_sidebar":"","ocean_second_sidebar":"","ocean_disable_margins":"enable","ocean_add_body_class":"","ocean_shortcode_before_top_bar":"","ocean_shortcode_after_top_bar":"","ocean_shortcode_before_header":"","ocean_shortcode_after_header":"","ocean_has_shortcode":"","ocean_shortcode_after_title":"","ocean_shortcode_before_footer_widgets":"","ocean_shortcode_after_footer_widgets":"","ocean_shortcode_before_footer_bottom":"","ocean_shortcode_after_footer_bottom":"","ocean_display_top_bar":"default","ocean_display_header":"default","ocean_header_style":"","ocean_center_header_left_menu":"","ocean_custom_header_template":"","ocean_custom_logo":0,"ocean_custom_retina_logo":0,"ocean_custom_logo_max_width":0,"ocean_custom_logo_tablet_max_width":0,"ocean_custom_logo_mobile_max_width":0,"ocean_custom_logo_max_height":0,"ocean_custom_logo_tablet_max_height":0,"ocean_custom_logo_mobile_max_height":0,"ocean_header_custom_menu":"","ocean_menu_typo_font_family":"","ocean_menu_typo_font_subset":"","ocean_menu_typo_font_size":0,"ocean_menu_typo_font_size_tablet":0,"ocean_menu_typo_font_size_mobile":0,"ocean_menu_typo_font_size_unit":"px","ocean_menu_typo_font_weight":"","ocean_menu_typo_font_weight_tablet":"","ocean_menu_typo_font_weight_mobile":"","ocean_menu_typo_transform":"","ocean_menu_typo_transform_tablet":"","ocean_menu_typo_transform_mobile":"","ocean_menu_typo_line_height":0,"ocean_menu_typo_line_height_tablet":0,"ocean_menu_typo_line_height_mobile":0,"ocean_menu_typo_line_height_unit":"","ocean_menu_typo_spacing":0,"ocean_menu_typo_spacing_tablet":0,"ocean_menu_typo_spacing_mobile":0,"ocean_menu_typo_spacing_unit":"","ocean_menu_link_color":"","ocean_menu_link_color_hover":"","ocean_menu_link_color_active":"","ocean_menu_link_background":"","ocean_menu_link_hover_background":"","ocean_menu_link_active_background":"","ocean_menu_social_links_bg":"","ocean_menu_social_hover_links_bg":"","ocean_menu_social_links_color":"","ocean_menu_social_hover_links_color":"","ocean_disable_title":"default","ocean_disable_heading":"default","ocean_post_title":"","ocean_post_subheading":"","ocean_post_title_style":"","ocean_post_title_background_color":"","ocean_post_title_background":0,"ocean_post_title_bg_image_position":"","ocean_post_title_bg_image_attachment":"","ocean_post_title_bg_image_repeat":"","ocean_post_title_bg_image_size":"","ocean_post_title_height":0,"ocean_post_title_bg_overlay":0.5,"ocean_post_title_bg_overlay_color":"","ocean_disable_breadcrumbs":"default","ocean_breadcrumbs_color":"","ocean_breadcrumbs_separator_color":"","ocean_breadcrumbs_links_color":"","ocean_breadcrumbs_links_hover_color":"","ocean_display_footer_widgets":"default","ocean_display_footer_bottom":"default","ocean_custom_footer_template":"","footnotes":""},"class_list":["post-10045","page","type-page","status-publish","hentry","entry"],"yoast_head":"<!-- This site is optimized with the Yoast SEO plugin v27.5 - https:\/\/yoast.com\/product\/yoast-seo-wordpress\/ -->\n<title>Best\u00e4tigungsseite - Trattoria Da Giovanni<\/title>\n<meta name=\"robots\" content=\"noindex, follow, max-snippet:-1, max-image-preview:large, max-video-preview:-1\" \/>\n<meta property=\"og:locale\" content=\"en_GB\" \/>\n<meta property=\"og:type\" content=\"article\" \/>\n<meta property=\"og:title\" content=\"Best\u00e4tigungsseite - Trattoria Da Giovanni\" \/>\n<meta property=\"og:description\" content=\"Vielen Dank f\u00fcr deine Best\u00e4tigung! Du bist nun offiziell f\u00fcr unseren\u00a0Trattoria Da Giovanni\u00a0Newsletter angemeldet. Ab sofort erh\u00e4ltst du regelm\u00e4\u00dfig spannende Neuigkeiten, exklusive Angebote und interessante Inhalte rund um unsere Trattoria. Falls du dich sp\u00e4ter abmelden m\u00f6chtest, findest du in jedem Newsletter einen Abmeldelink. Wir freuen uns, dich als Teil unserer Community begr\u00fc\u00dfen zu d\u00fcrfen!\" \/>\n<meta property=\"og:url\" content=\"https:\/\/booking-dagiovanni.digitalcards.cloud\/en\/bestaetigungsseite\/\" \/>\n<meta property=\"og:site_name\" content=\"Trattoria Da Giovanni\" \/>\n<meta property=\"article:modified_time\" content=\"2024-06-12T18:16:33+00:00\" \/>\n<meta property=\"og:image\" content=\"https:\/\/booking-dagiovanni.digitalcards.cloud\/wp-content\/uploads\/2024\/06\/Symbole-1024x1024.png\" \/>\n<meta name=\"twitter:card\" content=\"summary_large_image\" \/>\n<meta name=\"twitter:label1\" content=\"Estimated reading time\" \/>\n\t<meta name=\"twitter:data1\" content=\"2 minutes\" \/>\n<script type=\"application\/ld+json\" class=\"yoast-schema-graph\">{\"@context\":\"https:\\\/\\\/schema.org\",\"@graph\":[{\"@type\":\"WebPage\",\"@id\":\"https:\\\/\\\/booking-dagiovanni.digitalcards.cloud\\\/bestaetigungsseite\\\/\",\"url\":\"https:\\\/\\\/booking-dagiovanni.digitalcards.cloud\\\/bestaetigungsseite\\\/\",\"name\":\"Best\u00e4tigungsseite - Trattoria Da Giovanni\",\"isPartOf\":{\"@id\":\"https:\\\/\\\/booking-dagiovanni.digitalcards.cloud\\\/#website\"},\"primaryImageOfPage\":{\"@id\":\"https:\\\/\\\/booking-dagiovanni.digitalcards.cloud\\\/bestaetigungsseite\\\/#primaryimage\"},\"image\":{\"@id\":\"https:\\\/\\\/booking-dagiovanni.digitalcards.cloud\\\/bestaetigungsseite\\\/#primaryimage\"},\"thumbnailUrl\":\"https:\\\/\\\/booking-dagiovanni.digitalcards.cloud\\\/wp-content\\\/uploads\\\/2024\\\/06\\\/Symbole-1024x1024.png\",\"datePublished\":\"2024-06-05T12:55:17+00:00\",\"dateModified\":\"2024-06-12T18:16:33+00:00\",\"breadcrumb\":{\"@id\":\"https:\\\/\\\/booking-dagiovanni.digitalcards.cloud\\\/bestaetigungsseite\\\/#breadcrumb\"},\"inLanguage\":\"en-GB\",\"potentialAction\":[{\"@type\":\"ReadAction\",\"target\":[\"https:\\\/\\\/booking-dagiovanni.digitalcards.cloud\\\/bestaetigungsseite\\\/\"]}]},{\"@type\":\"ImageObject\",\"inLanguage\":\"en-GB\",\"@id\":\"https:\\\/\\\/booking-dagiovanni.digitalcards.cloud\\\/bestaetigungsseite\\\/#primaryimage\",\"url\":\"https:\\\/\\\/booking-dagiovanni.digitalcards.cloud\\\/wp-content\\\/uploads\\\/2024\\\/06\\\/Symbole-1024x1024.png\",\"contentUrl\":\"https:\\\/\\\/booking-dagiovanni.digitalcards.cloud\\\/wp-content\\\/uploads\\\/2024\\\/06\\\/Symbole-1024x1024.png\"},{\"@type\":\"BreadcrumbList\",\"@id\":\"https:\\\/\\\/booking-dagiovanni.digitalcards.cloud\\\/bestaetigungsseite\\\/#breadcrumb\",\"itemListElement\":[{\"@type\":\"ListItem\",\"position\":1,\"name\":\"Startseite\",\"item\":\"https:\\\/\\\/booking-dagiovanni.digitalcards.cloud\\\/\"},{\"@type\":\"ListItem\",\"position\":2,\"name\":\"Best\u00e4tigungsseite\"}]},{\"@type\":\"WebSite\",\"@id\":\"https:\\\/\\\/booking-dagiovanni.digitalcards.cloud\\\/#website\",\"url\":\"https:\\\/\\\/booking-dagiovanni.digitalcards.cloud\\\/\",\"name\":\"Trattoria Da Giovanni\",\"description\":\"automatische Tischreservierung.\",\"publisher\":{\"@id\":\"https:\\\/\\\/booking-dagiovanni.digitalcards.cloud\\\/#organization\"},\"potentialAction\":[{\"@type\":\"SearchAction\",\"target\":{\"@type\":\"EntryPoint\",\"urlTemplate\":\"https:\\\/\\\/booking-dagiovanni.digitalcards.cloud\\\/?s={search_term_string}\"},\"query-input\":{\"@type\":\"PropertyValueSpecification\",\"valueRequired\":true,\"valueName\":\"search_term_string\"}}],\"inLanguage\":\"en-GB\"},{\"@type\":\"Organization\",\"@id\":\"https:\\\/\\\/booking-dagiovanni.digitalcards.cloud\\\/#organization\",\"name\":\"Trattoria Da Giovanni\",\"url\":\"https:\\\/\\\/booking-dagiovanni.digitalcards.cloud\\\/\",\"logo\":{\"@type\":\"ImageObject\",\"inLanguage\":\"en-GB\",\"@id\":\"https:\\\/\\\/booking-dagiovanni.digitalcards.cloud\\\/#\\\/schema\\\/logo\\\/image\\\/\",\"url\":\"https:\\\/\\\/booking-dagiovanni.digitalcards.cloud\\\/wp-content\\\/uploads\\\/2024\\\/06\\\/Logo-Trattoria-da-Giovanni-.png\",\"contentUrl\":\"https:\\\/\\\/booking-dagiovanni.digitalcards.cloud\\\/wp-content\\\/uploads\\\/2024\\\/06\\\/Logo-Trattoria-da-Giovanni-.png\",\"width\":2000,\"height\":970,\"caption\":\"Trattoria Da Giovanni\"},\"image\":{\"@id\":\"https:\\\/\\\/booking-dagiovanni.digitalcards.cloud\\\/#\\\/schema\\\/logo\\\/image\\\/\"}}]}<\/script>\n<!-- \/ Yoast SEO plugin. -->","yoast_head_json":{"title":"Best\u00e4tigungsseite - Trattoria Da Giovanni","robots":{"index":"noindex","follow":"follow","max-snippet":"max-snippet:-1","max-image-preview":"max-image-preview:large","max-video-preview":"max-video-preview:-1"},"og_locale":"en_GB","og_type":"article","og_title":"Best\u00e4tigungsseite - Trattoria Da Giovanni","og_description":"Vielen Dank f\u00fcr deine Best\u00e4tigung! Du bist nun offiziell f\u00fcr unseren\u00a0Trattoria Da Giovanni\u00a0Newsletter angemeldet. Ab sofort erh\u00e4ltst du regelm\u00e4\u00dfig spannende Neuigkeiten, exklusive Angebote und interessante Inhalte rund um unsere Trattoria. Falls du dich sp\u00e4ter abmelden m\u00f6chtest, findest du in jedem Newsletter einen Abmeldelink. Wir freuen uns, dich als Teil unserer Community begr\u00fc\u00dfen zu d\u00fcrfen!","og_url":"https:\/\/booking-dagiovanni.digitalcards.cloud\/en\/bestaetigungsseite\/","og_site_name":"Trattoria Da Giovanni","article_modified_time":"2024-06-12T18:16:33+00:00","og_image":[{"url":"https:\/\/booking-dagiovanni.digitalcards.cloud\/wp-content\/uploads\/2024\/06\/Symbole-1024x1024.png","type":"","width":"","height":""}],"twitter_card":"summary_large_image","twitter_misc":{"Estimated reading time":"2 minutes"},"schema":{"@context":"https:\/\/schema.org","@graph":[{"@type":"WebPage","@id":"https:\/\/booking-dagiovanni.digitalcards.cloud\/bestaetigungsseite\/","url":"https:\/\/booking-dagiovanni.digitalcards.cloud\/bestaetigungsseite\/","name":"Best\u00e4tigungsseite - Trattoria Da Giovanni","isPartOf":{"@id":"https:\/\/booking-dagiovanni.digitalcards.cloud\/#website"},"primaryImageOfPage":{"@id":"https:\/\/booking-dagiovanni.digitalcards.cloud\/bestaetigungsseite\/#primaryimage"},"image":{"@id":"https:\/\/booking-dagiovanni.digitalcards.cloud\/bestaetigungsseite\/#primaryimage"},"thumbnailUrl":"https:\/\/booking-dagiovanni.digitalcards.cloud\/wp-content\/uploads\/2024\/06\/Symbole-1024x1024.png","datePublished":"2024-06-05T12:55:17+00:00","dateModified":"2024-06-12T18:16:33+00:00","breadcrumb":{"@id":"https:\/\/booking-dagiovanni.digitalcards.cloud\/bestaetigungsseite\/#breadcrumb"},"inLanguage":"en-GB","potentialAction":[{"@type":"ReadAction","target":["https:\/\/booking-dagiovanni.digitalcards.cloud\/bestaetigungsseite\/"]}]},{"@type":"ImageObject","inLanguage":"en-GB","@id":"https:\/\/booking-dagiovanni.digitalcards.cloud\/bestaetigungsseite\/#primaryimage","url":"https:\/\/booking-dagiovanni.digitalcards.cloud\/wp-content\/uploads\/2024\/06\/Symbole-1024x1024.png","contentUrl":"https:\/\/booking-dagiovanni.digitalcards.cloud\/wp-content\/uploads\/2024\/06\/Symbole-1024x1024.png"},{"@type":"BreadcrumbList","@id":"https:\/\/booking-dagiovanni.digitalcards.cloud\/bestaetigungsseite\/#breadcrumb","itemListElement":[{"@type":"ListItem","position":1,"name":"Startseite","item":"https:\/\/booking-dagiovanni.digitalcards.cloud\/"},{"@type":"ListItem","position":2,"name":"Best\u00e4tigungsseite"}]},{"@type":"WebSite","@id":"https:\/\/booking-dagiovanni.digitalcards.cloud\/#website","url":"https:\/\/booking-dagiovanni.digitalcards.cloud\/","name":"Trattoria Da Giovanni","description":"automatische Tischreservierung.","publisher":{"@id":"https:\/\/booking-dagiovanni.digitalcards.cloud\/#organization"},"potentialAction":[{"@type":"SearchAction","target":{"@type":"EntryPoint","urlTemplate":"https:\/\/booking-dagiovanni.digitalcards.cloud\/?s={search_term_string}"},"query-input":{"@type":"PropertyValueSpecification","valueRequired":true,"valueName":"search_term_string"}}],"inLanguage":"en-GB"},{"@type":"Organization","@id":"https:\/\/booking-dagiovanni.digitalcards.cloud\/#organization","name":"Trattoria Da Giovanni","url":"https:\/\/booking-dagiovanni.digitalcards.cloud\/","logo":{"@type":"ImageObject","inLanguage":"en-GB","@id":"https:\/\/booking-dagiovanni.digitalcards.cloud\/#\/schema\/logo\/image\/","url":"https:\/\/booking-dagiovanni.digitalcards.cloud\/wp-content\/uploads\/2024\/06\/Logo-Trattoria-da-Giovanni-.png","contentUrl":"https:\/\/booking-dagiovanni.digitalcards.cloud\/wp-content\/uploads\/2024\/06\/Logo-Trattoria-da-Giovanni-.png","width":2000,"height":970,"caption":"Trattoria Da Giovanni"},"image":{"@id":"https:\/\/booking-dagiovanni.digitalcards.cloud\/#\/schema\/logo\/image\/"}}]}},"_links":{"self":[{"href":"https:\/\/booking-dagiovanni.digitalcards.cloud\/en\/wp-json\/wp\/v2\/pages\/10045","targetHints":{"allow":["GET"]}}],"collection":[{"href":"https:\/\/booking-dagiovanni.digitalcards.cloud\/en\/wp-json\/wp\/v2\/pages"}],"about":[{"href":"https:\/\/booking-dagiovanni.digitalcards.cloud\/en\/wp-json\/wp\/v2\/types\/page"}],"author":[{"embeddable":true,"href":"https:\/\/booking-dagiovanni.digitalcards.cloud\/en\/wp-json\/wp\/v2\/users\/1"}],"replies":[{"embeddable":true,"href":"https:\/\/booking-dagiovanni.digitalcards.cloud\/en\/wp-json\/wp\/v2\/comments?post=10045"}],"version-history":[{"count":25,"href":"https:\/\/booking-dagiovanni.digitalcards.cloud\/en\/wp-json\/wp\/v2\/pages\/10045\/revisions"}],"predecessor-version":[{"id":10230,"href":"https:\/\/booking-dagiovanni.digitalcards.cloud\/en\/wp-json\/wp\/v2\/pages\/10045\/revisions\/10230"}],"wp:attachment":[{"href":"https:\/\/booking-dagiovanni.digitalcards.cloud\/en\/wp-json\/wp\/v2\/media?parent=10045"}],"curies":[{"name":"wp","href":"https:\/\/api.w.org\/{rel}","templated":true}]}}